{"id":336,"date":"2025-04-30T11:39:31","date_gmt":"2025-04-30T15:39:31","guid":{"rendered":"https:\/\/carrefourdeleau.com\/?page_id=336"},"modified":"2025-09-22T10:21:09","modified_gmt":"2025-09-22T14:21:09","slug":"salle-de-presse","status":"publish","type":"page","link":"https:\/\/carrefourdeleau.com\/en\/salle-de-presse\/","title":{"rendered":"Salle de presse"},"content":{"rendered":"[vc_row type=\u00a0\u00bbin_container\u00a0\u00bb full_screen_row_position=\u00a0\u00bbmiddle\u00a0\u00bb column_margin=\u00a0\u00bbdefault\u00a0\u00bb equal_height=\u00a0\u00bbyes\u00a0\u00bb content_placement=\u00a0\u00bbmiddle\u00a0\u00bb column_direction=\u00a0\u00bbdefault\u00a0\u00bb column_direction_tablet=\u00a0\u00bbdefault\u00a0\u00bb column_direction_phone=\u00a0\u00bbdefault\u00a0\u00bb scene_position=\u00a0\u00bbcenter\u00a0\u00bb top_padding=\u00a0\u00bb60px\u00a0\u00bb constrain_group_1=\u00a0\u00bbyes\u00a0\u00bb bottom_padding=\u00a0\u00bb60px\u00a0\u00bb text_color=\u00a0\u00bbdark\u00a0\u00bb text_align=\u00a0\u00bbleft\u00a0\u00bb row_border_radius=\u00a0\u00bbnone\u00a0\u00bb row_border_radius_applies=\u00a0\u00bbbg\u00a0\u00bb overflow=\u00a0\u00bbvisible\u00a0\u00bb overlay_strength=\u00a0\u00bb0.3&Prime; gradient_direction=\u00a0\u00bbleft_to_right\u00a0\u00bb shape_divider_position=\u00a0\u00bbbottom\u00a0\u00bb bg_image_animation=\u00a0\u00bbnone\u00a0\u00bb gradient_type=\u00a0\u00bbdefault\u00a0\u00bb shape_type=\u00a0\u00bb\u00a0\u00bb][vc_column column_padding=\u00a0\u00bbno-extra-padding\u00a0\u00bb column_padding_tablet=\u00a0\u00bbinherit\u00a0\u00bb column_padding_phone=\u00a0\u00bbinherit\u00a0\u00bb column_padding_position=\u00a0\u00bball\u00a0\u00bb column_element_direction_desktop=\u00a0\u00bbdefault\u00a0\u00bb column_element_spacing=\u00a0\u00bbdefault\u00a0\u00bb desktop_text_alignment=\u00a0\u00bbdefault\u00a0\u00bb tablet_text_alignment=\u00a0\u00bbdefault\u00a0\u00bb phone_text_alignment=\u00a0\u00bbdefault\u00a0\u00bb background_color_opacity=\u00a0\u00bb1&Prime; background_hover_color_opacity=\u00a0\u00bb1&Prime; column_backdrop_filter=\u00a0\u00bbnone\u00a0\u00bb column_shadow=\u00a0\u00bbnone\u00a0\u00bb column_border_radius=\u00a0\u00bbnone\u00a0\u00bb column_link_target=\u00a0\u00bb_self\u00a0\u00bb column_position=\u00a0\u00bbdefault\u00a0\u00bb gradient_direction=\u00a0\u00bbleft_to_right\u00a0\u00bb overlay_strength=\u00a0\u00bb0.3&Prime; width=\u00a0\u00bb1\/1&Prime; tablet_width_inherit=\u00a0\u00bbdefault\u00a0\u00bb animation_type=\u00a0\u00bbdefault\u00a0\u00bb bg_image_animation=\u00a0\u00bbnone\u00a0\u00bb border_type=\u00a0\u00bbsimple\u00a0\u00bb column_border_width=\u00a0\u00bbnone\u00a0\u00bb column_border_style=\u00a0\u00bbsolid\u00a0\u00bb][vc_column_text css=\u00a0\u00bb\u00a0\u00bb text_direction=\u00a0\u00bbdefault\u00a0\u00bb]\n<h1 style=\"text-align: center;\">Salle de presse<\/h1>\n[\/vc_column_text][\/vc_column][\/vc_row][vc_row type=\u00a0\u00bbfull_width_background\u00a0\u00bb full_screen_row_position=\u00a0\u00bbmiddle\u00a0\u00bb column_margin=\u00a0\u00bbdefault\u00a0\u00bb column_direction=\u00a0\u00bbdefault\u00a0\u00bb column_direction_tablet=\u00a0\u00bbdefault\u00a0\u00bb column_direction_phone=\u00a0\u00bbdefault\u00a0\u00bb bg_color=\u00a0\u00bb#b1e4e3&Prime; scene_position=\u00a0\u00bbcenter\u00a0\u00bb top_padding=\u00a0\u00bb100&Prime; bottom_padding=\u00a0\u00bb100&Prime; text_color=\u00a0\u00bbdark\u00a0\u00bb text_align=\u00a0\u00bbleft\u00a0\u00bb row_border_radius=\u00a0\u00bbnone\u00a0\u00bb row_border_radius_applies=\u00a0\u00bbbg\u00a0\u00bb overflow=\u00a0\u00bbvisible\u00a0\u00bb overlay_strength=\u00a0\u00bb0.3&Prime; gradient_direction=\u00a0\u00bbleft_to_right\u00a0\u00bb shape_divider_position=\u00a0\u00bbbottom\u00a0\u00bb bg_image_animation=\u00a0\u00bbnone\u00a0\u00bb gradient_type=\u00a0\u00bbdefault\u00a0\u00bb shape_type=\u00a0\u00bb\u00a0\u00bb][vc_column column_padding=\u00a0\u00bbno-extra-padding\u00a0\u00bb column_padding_tablet=\u00a0\u00bbinherit\u00a0\u00bb column_padding_phone=\u00a0\u00bbinherit\u00a0\u00bb column_padding_position=\u00a0\u00bball\u00a0\u00bb column_element_direction_desktop=\u00a0\u00bbdefault\u00a0\u00bb column_element_spacing=\u00a0\u00bbdefault\u00a0\u00bb desktop_text_alignment=\u00a0\u00bbdefault\u00a0\u00bb tablet_text_alignment=\u00a0\u00bbdefault\u00a0\u00bb phone_text_alignment=\u00a0\u00bbdefault\u00a0\u00bb background_color_opacity=\u00a0\u00bb1&Prime; background_hover_color_opacity=\u00a0\u00bb1&Prime; column_backdrop_filter=\u00a0\u00bbnone\u00a0\u00bb column_shadow=\u00a0\u00bbnone\u00a0\u00bb column_border_radius=\u00a0\u00bbnone\u00a0\u00bb column_link_target=\u00a0\u00bb_self\u00a0\u00bb column_position=\u00a0\u00bbdefault\u00a0\u00bb gradient_direction=\u00a0\u00bbleft_to_right\u00a0\u00bb overlay_strength=\u00a0\u00bb0.3&Prime; width=\u00a0\u00bb1\/1&Prime; tablet_width_inherit=\u00a0\u00bbdefault\u00a0\u00bb animation_type=\u00a0\u00bbdefault\u00a0\u00bb bg_image_animation=\u00a0\u00bbnone\u00a0\u00bb border_type=\u00a0\u00bbsimple\u00a0\u00bb column_border_width=\u00a0\u00bbnone\u00a0\u00bb column_border_style=\u00a0\u00bbsolid\u00a0\u00bb][vc_column_text css=\u00a0\u00bb\u00a0\u00bb text_direction=\u00a0\u00bbdefault\u00a0\u00bb]        <div class=\"liste-articles-container\">\n                            <a href=\"https:\/\/carrefourdeleau.com\/en\/un-financement-de-2-8-m-pour-accelerer-le-deploiement-du-carrefour-de-leau-a-quebec\/\" class=\"article-card-link\" >\n                    <div class=\"article-card\">\n                        <p class=\"article-date\">16 mars 2026<\/p>\n                        <h3 class=\"article-title\">Un financement de 2.8 M$ pour acc\u00e9l\u00e9rer le d\u00e9ploiement du Carrefour de l\u2019eau \u00e0 Qu\u00e9bec<\/h3>\n                        <div class=\"article-excerpt\">\n                            <p>Gr\u00e2ce \u00e0 un partenariat prometteur, le Carrefour de l\u2019eau voit officiellement le jour. <\/p>\n                        <\/div>\n                        <div class=\"article-link\">En savoir plus \u2192<\/div>\n                    <\/div>\n                <\/a>\n                            <a href=\"https:\/\/carrefourdeleau.com\/en\/eau-usee-recyclee-une-premiere-utilisation-industrielle-a-quebec\/\" class=\"article-card-link\" >\n                    <div class=\"article-card\">\n                        <p class=\"article-date\">10 octobre 2025<\/p>\n                        <h3 class=\"article-title\">Eau us\u00e9e recycl\u00e9e, une premi\u00e8re utilisation  industrielle \u00e0 Qu\u00e9bec<\/h3>\n                        <div class=\"article-excerpt\">\n                            <p>Gr\u00e2ce \u00e0 un partenariat prometteur, le Carrefour de l\u2019eau voit officiellement le jour. <\/p>\n                        <\/div>\n                        <div class=\"article-link\">En savoir plus \u2192<\/div>\n                    <\/div>\n                <\/a>\n                            <a href=\"https:\/\/www.ville.quebec.qc.ca\/apropos\/espace-presse\/actualites\/actualite.aspx?IdActualite=2677\" class=\"article-card-link\" target=\"_blank\" rel=\"noopener\">\n                    <div class=\"article-card\">\n                        <p class=\"article-date\">28 septembre 2025<\/p>\n                        <h3 class=\"article-title\">La Ville de Qu\u00e9bec alloue 928 067 $ pour la cr\u00e9ation d\u2019un p\u00f4le d\u2019expertise mondial dans le domaine de l\u2019eau<\/h3>\n                        <div class=\"article-excerpt\">\n                                                    <\/div>\n                        <div class=\"article-link\">En savoir plus \u2192<\/div>\n                    <\/div>\n                <\/a>\n                            <a href=\"https:\/\/carrefourdeleau.com\/en\/le-carrefour-de-leau-devoile-au-grand-public-une-usine-mobile-de-traitement-de-leau\/\" class=\"article-card-link\" >\n                    <div class=\"article-card\">\n                        <p class=\"article-date\">31 juillet 2025<\/p>\n                        <h3 class=\"article-title\">Le Carrefour de l\u2019eau d\u00e9voile au grand public, une usine mobile de traitement de l\u2019eau<\/h3>\n                        <div class=\"article-excerpt\">\n                            <p>Gr\u00e2ce \u00e0 un partenariat prometteur, le Carrefour de l\u2019eau voit officiellement le jour. <\/p>\n                        <\/div>\n                        <div class=\"article-link\">En savoir plus \u2192<\/div>\n                    <\/div>\n                <\/a>\n                            <a href=\"https:\/\/www.journaldequebec.com\/2025\/04\/29\/carrefour-de-leau--quebec-vise-un-pole-dexpertise-unique-au-monde\" class=\"article-card-link\" target=\"_blank\" rel=\"noopener\">\n                    <div class=\"article-card\">\n                        <p class=\"article-date\">30 avril 2025<\/p>\n                        <h3 class=\"article-title\">Carrefour de l\u2019eau : Qu\u00e9bec vise un p\u00f4le d\u2019expertise unique au monde<\/h3>\n                        <div class=\"article-excerpt\">\n                            <p>Un article \u00e0 lire dans <b>Le Journal de Qu\u00e9bec<\/b><\/p>\n                        <\/div>\n                        <div class=\"article-link\">En savoir plus \u2192<\/div>\n                    <\/div>\n                <\/a>\n                            <a href=\"https:\/\/www.lesoleil.com\/affaires\/2025\/04\/29\/une-usine-mobile-pour-attirer-des-investisseurs-MNHOOXLTY5DYDEZCWY7P2GRLJE\/\" class=\"article-card-link\" target=\"_blank\" rel=\"noopener\">\n                    <div class=\"article-card\">\n                        <p class=\"article-date\">30 avril 2025<\/p>\n                        <h3 class=\"article-title\">Une usine mobile pour attirer des investisseurs<\/h3>\n                        <div class=\"article-excerpt\">\n                            <p>Un article \u00e0 lire dans <b>Le Soleil<\/b><\/p>\n                        <\/div>\n                        <div class=\"article-link\">En savoir plus \u2192<\/div>\n                    <\/div>\n                <\/a>\n                            <a href=\"https:\/\/carrefourdeleau.com\/en\/le-carrefour-de-leau-une-ambition-unique-au-monde-a-quebec\/\" class=\"article-card-link\" >\n                    <div class=\"article-card\">\n                        <p class=\"article-date\">29 avril 2025<\/p>\n                        <h3 class=\"article-title\">Le Carrefour de l\u2019eau : une ambition unique au monde \u00e0 Qu\u00e9bec<\/h3>\n                        <div class=\"article-excerpt\">\n                            <p>Gr\u00e2ce \u00e0 un partenariat prometteur, le Carrefour de l\u2019eau voit officiellement le jour. <\/p>\n                        <\/div>\n                        <div class=\"article-link\">En savoir plus \u2192<\/div>\n                    <\/div>\n                <\/a>\n                            <a href=\"https:\/\/carrefourdeleau.com\/en\/un-premier-pas-vers-un-pole-dexpertise-de-calibre-international-dans-le-domaine-de-leau\/\" class=\"article-card-link\" >\n                    <div class=\"article-card\">\n                        <p class=\"article-date\">29 juillet 2023<\/p>\n                        <h3 class=\"article-title\">Un premier pas vers un p\u00f4le d\u2019expertise de calibre international dans le domaine de l\u2019eau<\/h3>\n                        <div class=\"article-excerpt\">\n                            <p>Une subvention de 1 M$ \u00e0 2 Degr\u00e9s pour r\u00e9aliser des \u00e9tudes de faisabilit\u00e9 pour la mise en place du Carrefour de l&rsquo;eau.<\/p>\n                        <\/div>\n                        <div class=\"article-link\">En savoir plus \u2192<\/div>\n                    <\/div>\n                <\/a>\n                    <\/div>\n    [\/vc_column_text][\/vc_column][\/vc_row]\n","protected":false},"excerpt":{"rendered":"<p>[vc_row type=\u00a0\u00bbin_container\u00a0\u00bb full_screen_row_position=\u00a0\u00bbmiddle\u00a0\u00bb column_margin=\u00a0\u00bbdefault\u00a0\u00bb equal_height=\u00a0\u00bbyes\u00a0\u00bb content_placement=\u00a0\u00bbmiddle\u00a0\u00bb column_direction=\u00a0\u00bbdefault\u00a0\u00bb column_direction_tablet=\u00a0\u00bbdefault\u00a0\u00bb column_direction_phone=\u00a0\u00bbdefault\u00a0\u00bb scene_position=\u00a0\u00bbcenter\u00a0\u00bb top_padding=\u00a0\u00bb60px\u00a0\u00bb constrain_group_1=\u00a0\u00bbyes\u00a0\u00bb bottom_padding=\u00a0\u00bb60px\u00a0\u00bb text_color=\u00a0\u00bbdark\u00a0\u00bb text_align=\u00a0\u00bbleft\u00a0\u00bb row_border_radius=\u00a0\u00bbnone\u00a0\u00bb row_border_radius_applies=\u00a0\u00bbbg\u00a0\u00bb overflow=\u00a0\u00bbvisible\u00a0\u00bb overlay_strength=\u00a0\u00bb0.3&Prime; gradient_direction=\u00a0\u00bbleft_to_right\u00a0\u00bb shape_divider_position=\u00a0\u00bbbottom\u00a0\u00bb bg_image_animation=\u00a0\u00bbnone\u00a0\u00bb gradient_type=\u00a0\u00bbdefault\u00a0\u00bb shape_type=\u00a0\u00bb\u00a0\u00bb][vc_column column_padding=\u00a0\u00bbno-extra-padding\u00a0\u00bb column_padding_tablet=\u00a0\u00bbinherit\u00a0\u00bb column_padding_phone=\u00a0\u00bbinherit\u00a0\u00bb column_padding_position=\u00a0\u00bball\u00a0\u00bb column_element_direction_desktop=\u00a0\u00bbdefault\u00a0\u00bb column_element_spacing=\u00a0\u00bbdefault\u00a0\u00bb&#8230;<\/p>\n","protected":false},"author":2,"featured_media":0,"parent":0,"menu_order":0,"comment_status":"closed","ping_status":"closed","template":"","meta":{"_acf_changed":false,"_seopress_robots_primary_cat":"","_seopress_titles_title":"","_seopress_titles_desc":"","_seopress_robots_index":"","inline_featured_image":false,"_uag_custom_page_level_css":"","footnotes":""},"class_list":["post-336","page","type-page","status-publish"],"acf":[],"uagb_featured_image_src":{"full":false,"thumbnail":false,"medium":false,"medium_large":false,"large":false,"1536x1536":false,"2048x2048":false,"portfolio-thumb":false,"nectar_small_square":false,"portfolio-thumb_large":false,"portfolio-thumb_small":false,"portfolio-widget":false,"wide":false,"wide_photography":false,"wide_small":false,"regular":false,"regular_small":false,"tall":false,"wide_tall":false,"large_featured":false,"medium_featured":false,"gform-image-choice-sm":false,"gform-image-choice-md":false,"gform-image-choice-lg":false},"uagb_author_info":{"display_name":"dactylo","author_link":"https:\/\/carrefourdeleau.com\/en\/author\/dactylo\/"},"uagb_comment_info":0,"uagb_excerpt":"[vc_row type=\u00a0\u00bbin_container\u00a0\u00bb full_screen_row_position=\u00a0\u00bbmiddle\u00a0\u00bb column_margin=\u00a0\u00bbdefault\u00a0\u00bb equal_height=\u00a0\u00bbyes\u00a0\u00bb content_placement=\u00a0\u00bbmiddle\u00a0\u00bb column_direction=\u00a0\u00bbdefault\u00a0\u00bb column_direction_tablet=\u00a0\u00bbdefault\u00a0\u00bb column_direction_phone=\u00a0\u00bbdefault\u00a0\u00bb scene_position=\u00a0\u00bbcenter\u00a0\u00bb top_padding=\u00a0\u00bb60px\u00a0\u00bb constrain_group_1=\u00a0\u00bbyes\u00a0\u00bb bottom_padding=\u00a0\u00bb60px\u00a0\u00bb text_color=\u00a0\u00bbdark\u00a0\u00bb text_align=\u00a0\u00bbleft\u00a0\u00bb row_border_radius=\u00a0\u00bbnone\u00a0\u00bb row_border_radius_applies=\u00a0\u00bbbg\u00a0\u00bb overflow=\u00a0\u00bbvisible\u00a0\u00bb overlay_strength=\u00a0\u00bb0.3&Prime; gradient_direction=\u00a0\u00bbleft_to_right\u00a0\u00bb shape_divider_position=\u00a0\u00bbbottom\u00a0\u00bb bg_image_animation=\u00a0\u00bbnone\u00a0\u00bb gradient_type=\u00a0\u00bbdefault\u00a0\u00bb shape_type=\u00a0\u00bb\u00a0\u00bb][vc_column column_padding=\u00a0\u00bbno-extra-padding\u00a0\u00bb column_padding_tablet=\u00a0\u00bbinherit\u00a0\u00bb column_padding_phone=\u00a0\u00bbinherit\u00a0\u00bb column_padding_position=\u00a0\u00bball\u00a0\u00bb column_element_direction_desktop=\u00a0\u00bbdefault\u00a0\u00bb column_element_spacing=\u00a0\u00bbdefault\u00a0\u00bb...","_links":{"self":[{"href":"https:\/\/carrefourdeleau.com\/en\/wp-json\/wp\/v2\/pages\/336","targetHints":{"allow":["GET"]}}],"collection":[{"href":"https:\/\/carrefourdeleau.com\/en\/wp-json\/wp\/v2\/pages"}],"about":[{"href":"https:\/\/carrefourdeleau.com\/en\/wp-json\/wp\/v2\/types\/page"}],"author":[{"embeddable":true,"href":"https:\/\/carrefourdeleau.com\/en\/wp-json\/wp\/v2\/users\/2"}],"replies":[{"embeddable":true,"href":"https:\/\/carrefourdeleau.com\/en\/wp-json\/wp\/v2\/comments?post=336"}],"version-history":[{"count":4,"href":"https:\/\/carrefourdeleau.com\/en\/wp-json\/wp\/v2\/pages\/336\/revisions"}],"predecessor-version":[{"id":342,"href":"https:\/\/carrefourdeleau.com\/en\/wp-json\/wp\/v2\/pages\/336\/revisions\/342"}],"wp:attachment":[{"href":"https:\/\/carrefourdeleau.com\/en\/wp-json\/wp\/v2\/media?parent=336"}],"curies":[{"name":"wp","href":"https:\/\/api.w.org\/{rel}","templated":true}]}}